{"id":4703,"date":"2024-01-17T10:17:25","date_gmt":"2024-01-17T09:17:25","guid":{"rendered":"https:\/\/aiguajoc.com\/aviso-legal\/"},"modified":"2024-03-18T16:37:17","modified_gmt":"2024-03-18T15:37:17","slug":"avis-legal","status":"publish","type":"page","link":"https:\/\/aiguajoc.com\/ca\/avis-legal\/","title":{"rendered":"Av\u00eds legal"},"content":{"rendered":"<div id=\"mapa\" class=\"fusion-container-anchor\"><div class=\"fusion-fullwidth fullwidth-box fusion-builder-row-1 fusion-flex-container has-pattern-background has-mask-background nonhundred-percent-fullwidth non-hundred-percent-height-scrolling\" style=\"--link_hover_color: var(--awb-color2);--link_color: var(--awb-color7);--awb-border-radius-top-left:0px;--awb-border-radius-top-right:0px;--awb-border-radius-bottom-right:0px;--awb-border-radius-bottom-left:0px;--awb-padding-top:5%;--awb-padding-bottom:5%;--awb-flex-wrap:wrap;\" ><div class=\"awb-background-pattern\" style=\"background-image:  url(data:image\/svg+xml;utf8,%3Csvg%20width%3D%2260%22%20height%3D%2260%22%20fill%3D%22none%22%20xmlns%3D%22http%3A%2F%2Fwww.w3.org%2F2000%2Fsvg%22%3E%3Cpath%20d%3D%22M6%204a2%202%200%2011-4%200%202%202%200%20014%200%22%20fill%3D%22rgba%280%2C0%2C0%2C0.2%29%22%2F%3E%3C%2Fsvg%3E);opacity: 1 ;background-size:10px;mix-blend-mode:normal;\"><\/div><div class=\"fusion-builder-row fusion-row fusion-flex-align-items-flex-start fusion-flex-justify-content-center fusion-flex-content-wrap\" style=\"max-width:calc( 1450px + 50px );margin-left: calc(-50px \/ 2 );margin-right: calc(-50px \/ 2 );\"><div class=\"fusion-layout-column fusion_builder_column fusion-builder-column-0 fusion_builder_column_4_5 4_5 fusion-flex-column\" style=\"--awb-bg-size:cover;--awb-width-large:80%;--awb-margin-top-large:0px;--awb-spacing-right-large:25px;--awb-margin-bottom-large:20px;--awb-spacing-left-large:25px;--awb-width-medium:80%;--awb-order-medium:0;--awb-spacing-right-medium:25px;--awb-spacing-left-medium:25px;--awb-width-small:100%;--awb-order-small:0;--awb-spacing-right-small:25px;--awb-spacing-left-small:25px;\" data-scroll-devices=\"small-visibility,medium-visibility,large-visibility\"><div class=\"fusion-column-wrapper fusion-column-has-shadow fusion-flex-justify-content-center fusion-content-layout-column\"><div class=\"fusion-text fusion-text-1\" style=\"--awb-font-size:var(--awb-typography4-font-size);--awb-line-height:var(--awb-typography4-line-height);--awb-letter-spacing:var(--awb-typography4-letter-spacing);--awb-text-transform:var(--awb-typography4-text-transform);--awb-text-font-family:var(--awb-typography4-font-family);--awb-text-font-weight:var(--awb-typography4-font-weight);--awb-text-font-style:var(--awb-typography4-font-style);\"><p>En compliment amb el deure d\u2019informaci\u00f3 recollit en article 10 de la Llei 34\/2002, d\u201911 de Juliol, de Serveis de la Societat de la Informaci\u00f3 i del Comer\u00e7 Electr\u00f2nic, l\u2019informem que el Lloc web i el portal d\u2019Internet https:\/\/aiguajoc.com\/ (d\u2019ara endavant, el \u201cLloc web\u201d) \u00e9s titularitat de Aiguajoc Borrell SL, amb domicili social en C\/ Comte Borrell 21-33 amb CIF n\u00fam. Registre Mercantil Folio 31 del Tomo 21.226 Hoja n\u00ba B18920 . Inscripci\u00f3n 1\u00aa B59781633. El present av\u00eds legal regula les condicions d\u2019\u00fas del citat portal d\u2019Internet.<\/p>\n<p><strong>Llei aplicable i jurisdicci\u00f3<\/strong><\/p>\n<p>Amb car\u00e0cter general les relacions entre Aiguajoc Borrell SL i els usuaris dels seus serveis telem\u00e0tics, presents en la web, es troben sotmeses a la legislaci\u00f3 i jurisdicci\u00f3 espanyoles.<\/p>\n<p>El fur aplicable ser\u00e0 el del domicili del demandat, tret que es trac d\u2019un procediment en exercici individual en defensa dels drets dels consumidors, i en aquest cas la compet\u00e8ncia ser\u00e0 a elecci\u00f3 del consumidor demandant, que podr\u00e0 optar entre el tribunal del seu domicili o el tribunal corresponent conforme als articles 50 i 51 Llei Enjudiciament Civil.<\/p>\n<p><strong>Acceptaci\u00f3 de l\u2019usuari<\/strong><\/p>\n<p>Aquest Av\u00eds Legal regula l\u2019acc\u00e9s i utilitzaci\u00f3 del Lloc web que Aiguajoc Borrell SL posa a la disposici\u00f3 dels usuaris d\u2019Internet. Es considera usuari la persona que accedeixi, navegui, utilitzi o participi en els serveis i activitats del Lloc web.<\/p>\n<p>L\u2019usuari queda informat, i accepta, que l\u2019acc\u00e9s a la present web no suposa, de cap manera, l\u2019inici d\u2019una relaci\u00f3 comercial amb Aiguajoc Borrell SL .<\/p>\n<p>L\u2019acc\u00e9s i navegaci\u00f3 en el Lloc web per part de l\u2019usuari suposa l\u2019acceptaci\u00f3 de la totalitat de les presents Condicions d\u2019\u00das. En cas de desacord amb les condicions ha d\u2019abstenir-se a usar el Lloc web.<\/p>\n<p><strong>Acc\u00e9s a la web<\/strong><\/p>\n<p>L\u2019acc\u00e9s al Lloc web per part dels usuaris \u00e9s de car\u00e0cter lliure i gratu\u00eft. Alguns serveis poden trobar-se subjectes a contractaci\u00f3 pr\u00e8via del servei.<\/p>\n<p>En cas de ser necessari que l\u2019usuari aporti dades personals per a accedir a algun dels serveis, la recollida i el tractament de les dades es realitzar\u00e0 de conformitat amb la normativa vigent, en concret amb el RGPD. Per a m\u00e9s informaci\u00f3, consul la nostra pol\u00edtica de privacitat %URLWEB%.<\/p>\n<p><strong>Contingut i \u00fas<\/strong><\/p>\n<p>La visita al Lloc web per part de l\u2019usuari haur\u00e0 de fer-se de manera responsable i de conformitat a la legalitat vigent, la bona fe, el present Av\u00eds Legal i respectant els drets de propietat intel\u00b7lectual i industrial de tularitat de Aiguajoc Borrell SL o qualsevol altres persones f\u00edsiques o jur\u00eddiques.<\/p>\n<p>L\u2019\u00fas de qualsevol dels continguts del Lloc web amb finalitats que siguin o poguessin ser il\u00b7l\u00edcites queda totalment prohibit, aix\u00ed com la realitzaci\u00f3 de qualsevol acci\u00f3 que causi o pugui causar danys o alteracions de qualsevol tipus no consentides per Aiguajoc Borrell SL , al Lloc web o als seus continguts.<\/p>\n<p>El titular del web no s\u2019identifica amb les opinions abocades en el mateix pels seus col\u00b7laboradors. L\u2019empresa es reserva el dret d\u2019efectuar sense previ av\u00eds les modificacions que consideri oportunes en el seu Web, podent canviar, suprimir o afegir tant els continguts i serveis que es prestin a trav\u00e9s de la mateixa com la forma en la qual aquests apareguin presentats o localitzats en<br \/>\nels seus servidors.<\/p>\n<p><strong>Propietat Intel\u00b7lectual i industrial<\/strong><\/p>\n<p>Els drets de propietat intel\u00b7lectual del contingut del Lloc web, el seu disseny gr\u00e0fic i codis s\u00f3n tularitat de Aiguajoc Borrell SL i, per tant, queda prohibida la seva reproducci\u00f3, distribuci\u00f3, comunicaci\u00f3 p\u00fablica, transformaci\u00f3 o qualsevol altra ac vitat que es realitzi amb els con nguts del Lloc web, ni tan sols, encara que se ci n les fonts, tret que es comp amb el consen ment previ, expr\u00e9s i per escrit de Aiguajoc Borrell SL . Tots els noms comercials, marques o signes diferents de qualsevol classe con nguts en les p\u00e0gines web de l\u2019empresa s\u00f3n propietat dels seus amos i estan protegits per llei.<\/p>\n<p>Aiguajoc Borrell SL no concedeix cap llic\u00e8ncia o autoritzaci\u00f3 d\u2019\u00fas de cap classe sobre els seus drets de propietat intel\u00b7lectual i industrial o sobre qualsevol altra propietat o dret relacionat amb el Lloc web, i en cap cas s\u2019entendr\u00e0 que l\u2019acc\u00e9s i navegaci\u00f3 dels usuaris implica una ren\u00fancia, transmissi\u00f3, llic\u00e8ncia o cessi\u00f3 total ni parcial d\u2019aquests drets per part de Aiguajoc Borrell SL .<\/p>\n<p>Qualsevol \u00fas d\u2019aquests continguts no autoritzat pr\u00e8viament per part de Aiguajoc Borrell SL ser\u00e0 considerat un incompliment greu dels drets de propietat intel\u00b7lectual o industrial i donar\u00e0 lloc a les responsabilitats legalment establertes. Aiguajoc Borrell SL es reserva el dret d\u2019exercitar enfront de l\u2019usuari les accions judicials i extrajudicials que corresponguin.<\/p>\n<p><strong>Responsabilitat i garanties<\/strong><\/p>\n<p>Aiguajoc Borrell SL declara que ha adoptat les mesures necess\u00e0ries que, dins de les seves possibilitats i l\u2019estat de la tecnologia, permetin el correcte funcionament del seu lloc web, aix\u00ed com l\u2019abs\u00e8ncia de virus i components nocius. No obstant aix\u00f2, Aiguajoc Borrell SL no pot fer-se responsable de les seg\u00fcents situacions que s\u2019enumeren a t\u00edtol enunciatiu, per\u00f2 no limitatiu:<\/p>\n<ul class=\"lista\">\n<li>La continu\u00eftat i disponibilitat dels Continguts<\/li>\n<li>L\u2019abs\u00e8ncia d\u2019errors en aquests continguts ni la correcci\u00f3 de qualsevol defecte que pogu\u00e9s oc\u00f3rrer.<\/li>\n<li>L\u2019abs\u00e8ncia de virus i\/o altres components nocius<\/li>\n<li>Els danys o perjudicis que causi qualsevol persona que vulneri els sistemes de seguretat de Aiguajoc Borrell SL.<\/li>\n<li>L\u2019\u00fas que els usuaris puguin fer dels con nguts inclosos en el Lloc web. En conseq\u00fc\u00e8ncia, Aiguajoc Borrell SL no garanteix que l\u2019\u00fas que els usuaris puguin fer dels con nguts que en el seu cas s\u2019incloguin en el Lloc web, s\u2019ajus n al present av\u00eds legal, ni que l\u2019\u00fas del Lloc web es realitzi de manera diligent<\/li>\n<li>L\u2019\u00fas per menors d\u2019edat del Lloc web o de l\u2019enviament de les seves dades personals sense el perm\u00eds dels seus tutors, sent els tutors responsables de l\u2019\u00fas que facin d\u2019Internet.<\/li>\n<li>Els continnguts als quals l\u2019usuari pugui accedir a trav\u00e9s d\u2019enlla\u00e7os no autoritzats o introdu\u00efts per usuaris mitjan\u00e7ant comentaris o eines similars.<\/li>\n<li>La introducci\u00f3 de dades err\u00f2nies per part de l\u2019usuari o d\u2019un tercer.<\/li>\n<\/ul>\n<p>Aiguajoc Borrell SL podr\u00e0 suspendre temporalment i sense previ av\u00eds, l\u2019accessibilitat al Lloc web amb motiu d\u2019operacions de manteniment, reparaci\u00f3, actualitzaci\u00f3 o millora. No obstant aix\u00f2, sempre que les circumst\u00e0ncies ho permetin, Aiguajoc Borrell SL comunicar\u00e0 a l\u2019usuari, amb antelaci\u00f3 suficient, la data prevista per a la suspensi\u00f3 dels continguts.<\/p>\n<p>Aix\u00ed mateix, de conformitat amb els arts. 11 i 16 de la Llei 34\/2002, d\u201911 de juliol, de serveis de la societat de la informaci\u00f3 i de comer\u00e7 electr\u00f2nic (LSSICE), Aiguajoc Borrell SL es compromet a l\u2019eliminaci\u00f3 o, en el seu cas, bloqueig dels continguts que poguessin afectar o ser contraris a la legislaci\u00f3 vigent, els drets de tercers o la moral i ordre p\u00fablic.<\/p>\n<p><strong>Cookies<\/strong><\/p>\n<p>Aiguajoc Borrell SL utilitza cookies, a l\u2019efecte d\u2019optimitzar i personalitzar la seva navegaci\u00f3 pel Lloc web. Les cookies s\u00f3n fitxers sics d\u2019informaci\u00f3 que s\u2019allotgen en el propi terminal de l\u2019usuari, la informaci\u00f3 recollida mitjan\u00e7ant les cookies serveix per a facilitar la navegaci\u00f3 de l\u2019usuari pel portal i op mitzar l\u2019experi\u00e8ncia de navegaci\u00f3. Les dades recopilades mitjan\u00e7ant les cookies poden ser compar ts amb els creadors d\u2019aquestes, per\u00f2 en cap cas la informaci\u00f3 ob nguda per les mateixes ser\u00e0 associada a dades personals ni a dades que puguin identificar a l\u2019usuari.<\/p>\n<p>No obstant aix\u00f2, si l\u2019usuari no desitja que s\u2019instal\u00b7lin cookies en el seu disc dur, t\u00e9 la possibilitat de configurar el navegador de tal manera que impedeixi la instal\u00b7laci\u00f3 d\u2019aquests arxius. Per a obtenir m\u00e9s informaci\u00f3 consul la nostra Pol\u00ed ca de Cookies https:\/\/aiguajoc.com\/politica-de-cookies\/.<\/p>\n<p><strong>Enlla\u00e7os (links)<\/strong><\/p>\n<p>La pres\u00e8ncia d\u2019enlla\u00e7os (links) en el Lloc web httsps:\/\/aiguajoc.com\/ cap a altres llocs d\u2019Internet t\u00e9 finalitat merament informativa i en cap cas suposen suggeriment, invitaci\u00f3 o recomanaci\u00f3 sobre aquests. Aiguajoc Borrell SL no assumir\u00e0 responsabilitat pels continguts d\u2019un enlla\u00e7 pertanyent a un lloc web ali\u00e8, ni garantizar\u00e0 la fiabilitat, exac tud, amplitud, veracitat, validesa i disponibilitat t\u00e8cnica.<\/p>\n<p>En el cas que en altres llocs web s\u2019estableixin enlla\u00e7os al lloc web de Aiguajoc Borrell SL, no s\u2019entendr\u00e0 que Aiguajoc Borrell SL ha autoritzat l\u2019enlla\u00e7 o el contingut del lloc web en el qual es cont\u00e9 l\u2019enlla\u00e7, tampoc podr\u00e0 incloure\u2019s en la p\u00e0gina de l\u2019enlla\u00e7 continguts inapropiats, difamatoris, il\u00b7legals, obscens o il\u00b7l\u00edcits, ni altres continguts que siguin contraris a la legalitat vigent.<\/p>\n<p>Aiguajoc Borrell SL es reserva la possibilitat de contactar amb el propietari del lloc web en el qual s\u2019estableixi l\u2019enlla\u00e7 si considera que s\u2019incompleix la normativa, aix\u00ed com d\u2019exercitar les corresponents accions judicials i extrajudicials<\/p>\n<p><strong>Modificaci\u00f3 de les condicions<\/strong><\/p>\n<p>Els textos legals d\u2019aquesta web han estat redactats per Qualgest, empresa especialitzada en la normativa de protecci\u00f3 de dades.<\/p>\n<p>Aiguajoc Borrell SL es reserva expressament el dret a modificar unilateralment, totalment o parcialment, sense necessitat de previ av\u00eds, el present Av\u00eds Legal. L\u2019usuari reconeix i accepta que \u00e9s la seva responsabilitat revisar peri\u00f2dicament el present Av\u00eds Legal.<\/p>\n<\/div><\/div><\/div><\/div><\/div><\/div>\n","protected":false},"excerpt":{"rendered":"","protected":false},"author":1,"featured_media":3845,"parent":0,"menu_order":0,"comment_status":"closed","ping_status":"closed","template":"100-width.php","meta":{"_acf_changed":false,"footnotes":""},"class_list":["post-4703","page","type-page","status-publish","has-post-thumbnail","hentry"],"acf":[],"yoast_head":"<!-- This site is optimized with the Yoast SEO plugin v27.3 - https:\/\/yoast.com\/product\/yoast-seo-wordpress\/ -->\n<title>Av\u00eds legal | Aiguajoc - Gimn\u00e0s a Barcelona<\/title>\n<meta name=\"description\" content=\"Av\u00eds legal, pol\u00edtica de privacitat i informaci\u00f3 de les cookies de Aiguajoc un gimn\u00e0s amb piscina a Barcelona.\" \/>\n<meta name=\"robots\" content=\"index, follow, max-snippet:-1, max-image-preview:large, max-video-preview:-1\" \/>\n<link rel=\"canonical\" href=\"https:\/\/aiguajoc.com\/ca\/avis-legal\/\" \/>\n<meta property=\"og:locale\" content=\"ca_ES\" \/>\n<meta property=\"og:type\" content=\"article\" \/>\n<meta property=\"og:title\" content=\"Av\u00eds legal | Aiguajoc - Gimn\u00e0s a Barcelona\" \/>\n<meta property=\"og:description\" content=\"Av\u00eds legal, pol\u00edtica de privacitat i informaci\u00f3 de les cookies de Aiguajoc un gimn\u00e0s amb piscina a Barcelona.\" \/>\n<meta property=\"og:url\" content=\"https:\/\/aiguajoc.com\/ca\/avis-legal\/\" \/>\n<meta property=\"og:site_name\" content=\"Aiguajoc\" \/>\n<meta property=\"article:publisher\" content=\"https:\/\/es-es.facebook.com\/aiguajoc.centrefitness\" \/>\n<meta property=\"article:modified_time\" content=\"2024-03-18T15:37:17+00:00\" \/>\n<meta property=\"og:image\" content=\"https:\/\/aiguajoc.com\/wp-content\/uploads\/Cabeceras-legal.webp\" \/>\n\t<meta property=\"og:image:width\" content=\"1920\" \/>\n\t<meta property=\"og:image:height\" content=\"450\" \/>\n\t<meta property=\"og:image:type\" content=\"image\/webp\" \/>\n<meta name=\"twitter:card\" content=\"summary_large_image\" \/>\n<meta name=\"twitter:label1\" content=\"Temps estimat de lectura\" \/>\n\t<meta name=\"twitter:data1\" content=\"7 minuts\" \/>\n<script type=\"application\/ld+json\" class=\"yoast-schema-graph\">{\"@context\":\"https:\\\/\\\/schema.org\",\"@graph\":[{\"@type\":\"WebPage\",\"@id\":\"https:\\\/\\\/aiguajoc.com\\\/ca\\\/avis-legal\\\/\",\"url\":\"https:\\\/\\\/aiguajoc.com\\\/ca\\\/avis-legal\\\/\",\"name\":\"Av\u00eds legal | Aiguajoc - Gimn\u00e0s a Barcelona\",\"isPartOf\":{\"@id\":\"https:\\\/\\\/aiguajoc.com\\\/ca\\\/#website\"},\"primaryImageOfPage\":{\"@id\":\"https:\\\/\\\/aiguajoc.com\\\/ca\\\/avis-legal\\\/#primaryimage\"},\"image\":{\"@id\":\"https:\\\/\\\/aiguajoc.com\\\/ca\\\/avis-legal\\\/#primaryimage\"},\"thumbnailUrl\":\"https:\\\/\\\/aiguajoc.com\\\/wp-content\\\/uploads\\\/Cabeceras-legal.webp\",\"datePublished\":\"2024-01-17T09:17:25+00:00\",\"dateModified\":\"2024-03-18T15:37:17+00:00\",\"description\":\"Av\u00eds legal, pol\u00edtica de privacitat i informaci\u00f3 de les cookies de Aiguajoc un gimn\u00e0s amb piscina a Barcelona.\",\"breadcrumb\":{\"@id\":\"https:\\\/\\\/aiguajoc.com\\\/ca\\\/avis-legal\\\/#breadcrumb\"},\"inLanguage\":\"ca\",\"potentialAction\":[{\"@type\":\"ReadAction\",\"target\":[\"https:\\\/\\\/aiguajoc.com\\\/ca\\\/avis-legal\\\/\"]}]},{\"@type\":\"ImageObject\",\"inLanguage\":\"ca\",\"@id\":\"https:\\\/\\\/aiguajoc.com\\\/ca\\\/avis-legal\\\/#primaryimage\",\"url\":\"https:\\\/\\\/aiguajoc.com\\\/wp-content\\\/uploads\\\/Cabeceras-legal.webp\",\"contentUrl\":\"https:\\\/\\\/aiguajoc.com\\\/wp-content\\\/uploads\\\/Cabeceras-legal.webp\",\"width\":1920,\"height\":450,\"caption\":\"Aviso legal AIGUAJOC\"},{\"@type\":\"BreadcrumbList\",\"@id\":\"https:\\\/\\\/aiguajoc.com\\\/ca\\\/avis-legal\\\/#breadcrumb\",\"itemListElement\":[{\"@type\":\"ListItem\",\"position\":1,\"name\":\"Inicio\",\"item\":\"https:\\\/\\\/aiguajoc.com\\\/ca\\\/\"},{\"@type\":\"ListItem\",\"position\":2,\"name\":\"Av\u00eds legal\"}]},{\"@type\":\"WebSite\",\"@id\":\"https:\\\/\\\/aiguajoc.com\\\/ca\\\/#website\",\"url\":\"https:\\\/\\\/aiguajoc.com\\\/ca\\\/\",\"name\":\"Aiguajoc\",\"description\":\"Aiguajoc - Gimnasio con piscina en Barcelona\",\"publisher\":{\"@id\":\"https:\\\/\\\/aiguajoc.com\\\/ca\\\/#organization\"},\"potentialAction\":[{\"@type\":\"SearchAction\",\"target\":{\"@type\":\"EntryPoint\",\"urlTemplate\":\"https:\\\/\\\/aiguajoc.com\\\/ca\\\/?s={search_term_string}\"},\"query-input\":{\"@type\":\"PropertyValueSpecification\",\"valueRequired\":true,\"valueName\":\"search_term_string\"}}],\"inLanguage\":\"ca\"},{\"@type\":\"Organization\",\"@id\":\"https:\\\/\\\/aiguajoc.com\\\/ca\\\/#organization\",\"name\":\"Aiguajoc\",\"url\":\"https:\\\/\\\/aiguajoc.com\\\/ca\\\/\",\"logo\":{\"@type\":\"ImageObject\",\"inLanguage\":\"ca\",\"@id\":\"https:\\\/\\\/aiguajoc.com\\\/ca\\\/#\\\/schema\\\/logo\\\/image\\\/\",\"url\":\"https:\\\/\\\/aiguajoc.com\\\/wp-content\\\/uploads\\\/Logotipo-Aiguajoc-650.png\",\"contentUrl\":\"https:\\\/\\\/aiguajoc.com\\\/wp-content\\\/uploads\\\/Logotipo-Aiguajoc-650.png\",\"width\":650,\"height\":163,\"caption\":\"Aiguajoc\"},\"image\":{\"@id\":\"https:\\\/\\\/aiguajoc.com\\\/ca\\\/#\\\/schema\\\/logo\\\/image\\\/\"},\"sameAs\":[\"https:\\\/\\\/es-es.facebook.com\\\/aiguajoc.centrefitness\",\"https:\\\/\\\/www.instagram.com\\\/aiguajoc\\\/\"]}]}<\/script>\n<!-- \/ Yoast SEO plugin. -->","yoast_head_json":{"title":"Av\u00eds legal | Aiguajoc - Gimn\u00e0s a Barcelona","description":"Av\u00eds legal, pol\u00edtica de privacitat i informaci\u00f3 de les cookies de Aiguajoc un gimn\u00e0s amb piscina a Barcelona.","robots":{"index":"index","follow":"follow","max-snippet":"max-snippet:-1","max-image-preview":"max-image-preview:large","max-video-preview":"max-video-preview:-1"},"canonical":"https:\/\/aiguajoc.com\/ca\/avis-legal\/","og_locale":"ca_ES","og_type":"article","og_title":"Av\u00eds legal | Aiguajoc - Gimn\u00e0s a Barcelona","og_description":"Av\u00eds legal, pol\u00edtica de privacitat i informaci\u00f3 de les cookies de Aiguajoc un gimn\u00e0s amb piscina a Barcelona.","og_url":"https:\/\/aiguajoc.com\/ca\/avis-legal\/","og_site_name":"Aiguajoc","article_publisher":"https:\/\/es-es.facebook.com\/aiguajoc.centrefitness","article_modified_time":"2024-03-18T15:37:17+00:00","og_image":[{"width":1920,"height":450,"url":"https:\/\/aiguajoc.com\/wp-content\/uploads\/Cabeceras-legal.webp","type":"image\/webp"}],"twitter_card":"summary_large_image","twitter_misc":{"Temps estimat de lectura":"7 minuts"},"schema":{"@context":"https:\/\/schema.org","@graph":[{"@type":"WebPage","@id":"https:\/\/aiguajoc.com\/ca\/avis-legal\/","url":"https:\/\/aiguajoc.com\/ca\/avis-legal\/","name":"Av\u00eds legal | Aiguajoc - Gimn\u00e0s a Barcelona","isPartOf":{"@id":"https:\/\/aiguajoc.com\/ca\/#website"},"primaryImageOfPage":{"@id":"https:\/\/aiguajoc.com\/ca\/avis-legal\/#primaryimage"},"image":{"@id":"https:\/\/aiguajoc.com\/ca\/avis-legal\/#primaryimage"},"thumbnailUrl":"https:\/\/aiguajoc.com\/wp-content\/uploads\/Cabeceras-legal.webp","datePublished":"2024-01-17T09:17:25+00:00","dateModified":"2024-03-18T15:37:17+00:00","description":"Av\u00eds legal, pol\u00edtica de privacitat i informaci\u00f3 de les cookies de Aiguajoc un gimn\u00e0s amb piscina a Barcelona.","breadcrumb":{"@id":"https:\/\/aiguajoc.com\/ca\/avis-legal\/#breadcrumb"},"inLanguage":"ca","potentialAction":[{"@type":"ReadAction","target":["https:\/\/aiguajoc.com\/ca\/avis-legal\/"]}]},{"@type":"ImageObject","inLanguage":"ca","@id":"https:\/\/aiguajoc.com\/ca\/avis-legal\/#primaryimage","url":"https:\/\/aiguajoc.com\/wp-content\/uploads\/Cabeceras-legal.webp","contentUrl":"https:\/\/aiguajoc.com\/wp-content\/uploads\/Cabeceras-legal.webp","width":1920,"height":450,"caption":"Aviso legal AIGUAJOC"},{"@type":"BreadcrumbList","@id":"https:\/\/aiguajoc.com\/ca\/avis-legal\/#breadcrumb","itemListElement":[{"@type":"ListItem","position":1,"name":"Inicio","item":"https:\/\/aiguajoc.com\/ca\/"},{"@type":"ListItem","position":2,"name":"Av\u00eds legal"}]},{"@type":"WebSite","@id":"https:\/\/aiguajoc.com\/ca\/#website","url":"https:\/\/aiguajoc.com\/ca\/","name":"Aiguajoc","description":"Aiguajoc - Gimnasio con piscina en Barcelona","publisher":{"@id":"https:\/\/aiguajoc.com\/ca\/#organization"},"potentialAction":[{"@type":"SearchAction","target":{"@type":"EntryPoint","urlTemplate":"https:\/\/aiguajoc.com\/ca\/?s={search_term_string}"},"query-input":{"@type":"PropertyValueSpecification","valueRequired":true,"valueName":"search_term_string"}}],"inLanguage":"ca"},{"@type":"Organization","@id":"https:\/\/aiguajoc.com\/ca\/#organization","name":"Aiguajoc","url":"https:\/\/aiguajoc.com\/ca\/","logo":{"@type":"ImageObject","inLanguage":"ca","@id":"https:\/\/aiguajoc.com\/ca\/#\/schema\/logo\/image\/","url":"https:\/\/aiguajoc.com\/wp-content\/uploads\/Logotipo-Aiguajoc-650.png","contentUrl":"https:\/\/aiguajoc.com\/wp-content\/uploads\/Logotipo-Aiguajoc-650.png","width":650,"height":163,"caption":"Aiguajoc"},"image":{"@id":"https:\/\/aiguajoc.com\/ca\/#\/schema\/logo\/image\/"},"sameAs":["https:\/\/es-es.facebook.com\/aiguajoc.centrefitness","https:\/\/www.instagram.com\/aiguajoc\/"]}]}},"_links":{"self":[{"href":"https:\/\/aiguajoc.com\/ca\/wp-json\/wp\/v2\/pages\/4703","targetHints":{"allow":["GET"]}}],"collection":[{"href":"https:\/\/aiguajoc.com\/ca\/wp-json\/wp\/v2\/pages"}],"about":[{"href":"https:\/\/aiguajoc.com\/ca\/wp-json\/wp\/v2\/types\/page"}],"author":[{"embeddable":true,"href":"https:\/\/aiguajoc.com\/ca\/wp-json\/wp\/v2\/users\/1"}],"replies":[{"embeddable":true,"href":"https:\/\/aiguajoc.com\/ca\/wp-json\/wp\/v2\/comments?post=4703"}],"version-history":[{"count":0,"href":"https:\/\/aiguajoc.com\/ca\/wp-json\/wp\/v2\/pages\/4703\/revisions"}],"wp:featuredmedia":[{"embeddable":true,"href":"https:\/\/aiguajoc.com\/ca\/wp-json\/wp\/v2\/media\/3845"}],"wp:attachment":[{"href":"https:\/\/aiguajoc.com\/ca\/wp-json\/wp\/v2\/media?parent=4703"}],"curies":[{"name":"wp","href":"https:\/\/api.w.org\/{rel}","templated":true}]}}