{"id":4710,"date":"2024-01-17T10:23:26","date_gmt":"2024-01-17T09:23:26","guid":{"rendered":"https:\/\/aiguajoc.com\/politica-de-cookies\/"},"modified":"2024-03-18T16:42:47","modified_gmt":"2024-03-18T15:42:47","slug":"politica-de-cookies","status":"publish","type":"page","link":"https:\/\/aiguajoc.com\/ca\/politica-de-cookies\/","title":{"rendered":"Pol\u00edtica de cookies"},"content":{"rendered":"<div id=\"mapa\" class=\"fusion-container-anchor\"><div class=\"fusion-fullwidth fullwidth-box fusion-builder-row-1 fusion-flex-container has-pattern-background has-mask-background nonhundred-percent-fullwidth non-hundred-percent-height-scrolling\" style=\"--link_hover_color: var(--awb-color2);--link_color: var(--awb-color7);--awb-border-radius-top-left:0px;--awb-border-radius-top-right:0px;--awb-border-radius-bottom-right:0px;--awb-border-radius-bottom-left:0px;--awb-padding-top:5%;--awb-padding-bottom:5%;--awb-flex-wrap:wrap;\" ><div class=\"awb-background-pattern\" style=\"background-image:  url(data:image\/svg+xml;utf8,%3Csvg%20width%3D%2260%22%20height%3D%2260%22%20fill%3D%22none%22%20xmlns%3D%22http%3A%2F%2Fwww.w3.org%2F2000%2Fsvg%22%3E%3Cpath%20d%3D%22M6%204a2%202%200%2011-4%200%202%202%200%20014%200%22%20fill%3D%22rgba%280%2C0%2C0%2C0.2%29%22%2F%3E%3C%2Fsvg%3E);opacity: 1 ;background-size:10px;mix-blend-mode:normal;\"><\/div><div class=\"fusion-builder-row fusion-row fusion-flex-align-items-flex-start fusion-flex-justify-content-center fusion-flex-content-wrap\" style=\"max-width:calc( 1450px + 50px );margin-left: calc(-50px \/ 2 );margin-right: calc(-50px \/ 2 );\"><div class=\"fusion-layout-column fusion_builder_column fusion-builder-column-0 fusion_builder_column_4_5 4_5 fusion-flex-column\" style=\"--awb-bg-size:cover;--awb-width-large:80%;--awb-margin-top-large:0px;--awb-spacing-right-large:25px;--awb-margin-bottom-large:20px;--awb-spacing-left-large:25px;--awb-width-medium:80%;--awb-order-medium:0;--awb-spacing-right-medium:25px;--awb-spacing-left-medium:25px;--awb-width-small:100%;--awb-order-small:0;--awb-spacing-right-small:25px;--awb-spacing-left-small:25px;\" data-scroll-devices=\"small-visibility,medium-visibility,large-visibility\"><div class=\"fusion-column-wrapper fusion-column-has-shadow fusion-flex-justify-content-center fusion-content-layout-column\"><div class=\"fusion-text fusion-text-1\" style=\"--awb-font-size:var(--awb-typography4-font-size);--awb-line-height:var(--awb-typography4-line-height);--awb-letter-spacing:var(--awb-typography4-letter-spacing);--awb-text-transform:var(--awb-typography4-text-transform);--awb-text-font-family:var(--awb-typography4-font-family);--awb-text-font-weight:var(--awb-typography4-font-weight);--awb-text-font-style:var(--awb-typography4-font-style);\"><p><strong>1. Qu\u00e8 s\u00f3n les cookies?<\/strong><br \/>\nUna cookie \u00e9s un petit fitxer que els llocs web envien al navegador i es descarreguen en el teu ordinador. Les cookies permeten que la p\u00e0gina web emmagatzemi i recuperi la informaci\u00f3 sobre la teva visita, com el teu idioma preferit i altres opcions, amb la finalitat de millorar els serveis que s\u2019ofereixen i contribuir a tenir una millor experi\u00e8ncia de navegaci\u00f3 per a l\u2019usuari.<\/p>\n<p><strong>2. Tipus de cookies<\/strong><\/p>\n<p>En funci\u00f3 de qui gestioni el domini des d\u2019on s\u2019envien les cookies i es tractin les dades, es distingir\u00e0 entre cookies pr\u00f2pies i cookies de tercers.<\/p>\n<p>Les cookies tamb\u00e9 poden classificar-se segons el termini de temps que romanguin emmagatzemades en el navegador de l\u2019usuari, distingint -se entre cookies de sessi\u00f3 o cookies persistents.<\/p>\n<p>Finalment, en funci\u00f3 de la finalitat per a la qual es tracti la informaci\u00f3 recopilada, les cookies es poden classificar en les seg\u00fcents categories:<\/p>\n<ul class=\"lista\">\n<li><strong>Cookies t\u00e8cniques:<\/strong>\u00a0permeten a l\u2019usuari navegar per un lloc web i utilitzar alguns dels serveis oferts pel mateix (com, per exemple, les que serveixen per a recordar els elements integrants d\u2019un carret de compra).<\/li>\n<li><strong>Cookies de personalitzaci\u00f3:<\/strong>\u00a0permeten que l\u2019usuari accedeixi al lloc web amb unes caracter\u00edstiques determinades, com pot ser l\u2019idioma.<\/li>\n<li><strong>Cookies de seguretat:<\/strong>\u00a0serveixen per a impedir o dificultar els atacs contra el lloc web.<\/li>\n<li><strong>Cookies de complement per a intercanviar continguts socials:<\/strong>\u00a0els anomenats plug-in, que permeten compartir continguts en xarxes socials.<\/li>\n<li><strong>Cookies d\u2019an\u00e0lisis:<\/strong>\u00a0permeten al responsable el seguiment del comportament de l\u2019usuari.<\/li>\n<li><strong>Cookies publicit\u00e0ries:<\/strong>\u00a0permeten gestionar els espais de publicitat del lloc web.<\/li>\n<li><strong>Cookies de publicitat comportamental:<\/strong>\u00a0com les anteriors, serveixen per a gestionar els espais de publicitat del lloc web en funci\u00f3 de la informaci\u00f3 recollida sobre el comportament de l\u2019usuari i els seus h\u00e0bits, adaptant la publicitat al perfil de l\u2019usuari.<\/li>\n<li><strong>Cookies de geolocalitzaci\u00f3:<\/strong>\u00a0utilitzades per a esbrinar el pa\u00eds on es troba l\u2019usuari.<\/li>\n<\/ul>\n<p>&nbsp;<\/p>\n<p><strong>3. Autoritzaci\u00f3 per a l\u2019\u00fas de cookies<\/strong><\/p>\n<p>De conformitat amb l\u2019av\u00eds de cookies que apareix en el lloc web, pots consentir expressament l\u2019\u00fas de cookies que requereixin consentiment; no obstant aix\u00f2, l\u2019\u00fas de cookies t\u00e8cniques o necess\u00e0ries no requereix de consentiment . Sense perjudici de tot aix\u00f2, pots modificar la configuraci\u00f3 del teu navegador per a rebutjar l\u2019\u00fas de les cookies.<\/p>\n<p><strong>4. Com modificar la configuraci\u00f3 de les cookies<\/strong><\/p>\n<p>Pots restringir, bloquejar o esborrar les cookies de Aiguajoc Borrell SL o qualsevol altra p\u00e0gina web utilitzant el teu navegador. En cada navegador l\u2019operativa \u00e9s diferent, pots trobar com fer-ho en el men\u00fa d\u2019ajuda del teu navegador on s\u2019estableix el procediment per a la seva eliminaci\u00f3. Per a m\u00e9s informaci\u00f3:<\/p>\n<p><strong>Google Chrome:<\/strong><\/p>\n<p><a href=\"https:\/\/support%20.google.com\/chrome\/answer\/95647?co=GENIE.Platform%3DDesktop&amp;hl=es\">https:\/\/support .google.com\/chrome\/answer\/95647?co=GENIE.Platform%3DDesktop&amp;hl=es<\/a><\/p>\n<p><strong>Mozilla Firefox:<\/strong><\/p>\n<p><a href=\"https:\/\/support.mozilla.org\/es\/kb\/habilitar-y-deshabilitar-cookies-sitios-web-rastrear-preferencias\">https:\/\/support.mozilla.org\/es\/kb\/habilitar-y-deshabilitar-cookies-sitios-web-rastrear-preferencias<\/a><\/p>\n<p><strong>Safari:<\/strong><\/p>\n<p><a href=\"https:\/\/support%20.apple.com\/es-%20es\/guide\/safari\/sfri11471\/mac\">https:\/\/support .apple.com\/es- es\/guide\/safari\/sfri11471\/mac<\/a><\/p>\n<p><strong>Internet Explorer:<\/strong><\/p>\n<p><a href=\"https:\/\/support.microsoft.com\/es-es\/help\/278835\/how-to-delete-cookie-files-in-internet-explorer\">https:\/\/support.microsoft.com\/es-es\/help\/278835\/how-to-delete-cookie-files-in-internet-explorer<\/a><\/p>\n<p>\u00c9s possible que en deshabilitar les cookies la p\u00e0gina web no funcioni correctament o no puguis accedir a determinades funcions d\u2019aquesta.<\/p>\n<p><strong>5. Cookies utilitzades en aquesta p\u00e0gina web<\/strong><\/p>\n<p>En aquesta p\u00e0gina web s\u2019utilitzen diferents tipus de cookies amb diferents finalitats, a continuaci\u00f3, s\u2019enumeren les cookies emprades:<\/p>\n<p><strong>Rendiment i an\u00e0lisi web<\/strong><\/p>\n<p>Serveis tractats per nosaltres o per tercers, ens permeten quantificar el nombre d\u2019usuaris i aix\u00ed realitzar el mesurament i an\u00e0lisi estad\u00edstica de la utilitzaci\u00f3 que fan els usuaris del servei ofert . Per a aix\u00f2 s\u2019analitza la seva navegaci\u00f3 en la nostra p\u00e0gina web amb la finalitat de millorar l\u2019oferta de productes o serveis que li oferim.<\/p>\n<p><strong>Necess\u00e0ries i essencials<\/strong><\/p>\n<p>Les dades recopilades en aquestes cookies i similars s\u00f3n necessaris per a poder navegar pel lloc web i proporcionar les funcions b\u00e0siques com realitzar el proc\u00e9s de compra, l\u2019acc\u00e9s a \u00e0rees privades i segures del lloc, etc. Aquestes cookies sempre estaran activades.<\/p>\n<p><strong>Publicitat comportamental<\/strong><\/p>\n<p><strong>Facebook<\/strong><br \/>\nPublicit\u00e0ria. Utilitzat per Facebook per a oferir una s\u00e8rie de productes publicitaris, com a ofertes en temps real de tercers anunciants. Caducitat 1 dia<\/p>\n<p><strong>Google<\/strong><br \/>\nAnal\u00edtica. S\u2019usa per a distingir als usuaris. Caducitat Fi de sessi\u00f3<br \/>\nAnal\u00edtica. Aquesta cookie de Google Analytics \u00e9s d\u2019an\u00e0lisi i serveix per a mesurar com els usuaris interactuen amb la nostra p\u00e0gina web. Caducitat Fi de sessi\u00f3<br \/>\nAnal\u00edtica. Distingeix als usuaris caducitat 1 any<\/p>\n<p><strong>6. Modificaci\u00f3 de les condicions<\/strong><\/p>\n<p>Aiguajoc Borrell SL es reserva expressament el dret a modificar unilateralment, totalment o parcialment, sense necessitat de previ av\u00eds, la present Pol\u00edtica de Cookies. L\u2019usuari reconeix i accepta que \u00e9s la seva responsabilitat revisar la present Pol\u00edtica de Cookies.<\/p>\n<\/div><\/div><\/div><\/div><\/div><\/div>\n","protected":false},"excerpt":{"rendered":"","protected":false},"author":1,"featured_media":3847,"parent":0,"menu_order":0,"comment_status":"closed","ping_status":"closed","template":"100-width.php","meta":{"_acf_changed":false,"footnotes":""},"class_list":["post-4710","page","type-page","status-publish","has-post-thumbnail","hentry"],"acf":[],"yoast_head":"<!-- This site is optimized with the Yoast SEO plugin v27.3 - https:\/\/yoast.com\/product\/yoast-seo-wordpress\/ -->\n<title>Pol\u00edtica de cookies | Aiguajoc - Gimn\u00e0s a Barcelona<\/title>\n<meta name=\"description\" content=\"Av\u00eds legal, pol\u00edtica de privacitat i informaci\u00f3 de les cookies de Aiguajoc un gimn\u00e0s amb piscina a Barcelona.\" \/>\n<meta name=\"robots\" content=\"index, follow, max-snippet:-1, max-image-preview:large, max-video-preview:-1\" \/>\n<link rel=\"canonical\" href=\"https:\/\/aiguajoc.com\/ca\/politica-de-cookies\/\" \/>\n<meta property=\"og:locale\" content=\"ca_ES\" \/>\n<meta property=\"og:type\" content=\"article\" \/>\n<meta property=\"og:title\" content=\"Pol\u00edtica de cookies | Aiguajoc - Gimn\u00e0s a Barcelona\" \/>\n<meta property=\"og:description\" content=\"Av\u00eds legal, pol\u00edtica de privacitat i informaci\u00f3 de les cookies de Aiguajoc un gimn\u00e0s amb piscina a Barcelona.\" \/>\n<meta property=\"og:url\" content=\"https:\/\/aiguajoc.com\/ca\/politica-de-cookies\/\" \/>\n<meta property=\"og:site_name\" content=\"Aiguajoc\" \/>\n<meta property=\"article:publisher\" content=\"https:\/\/es-es.facebook.com\/aiguajoc.centrefitness\" \/>\n<meta property=\"article:modified_time\" content=\"2024-03-18T15:42:47+00:00\" \/>\n<meta property=\"og:image\" content=\"https:\/\/aiguajoc.com\/wp-content\/uploads\/Cabecera-cookies.webp\" \/>\n\t<meta property=\"og:image:width\" content=\"1920\" \/>\n\t<meta property=\"og:image:height\" content=\"450\" \/>\n\t<meta property=\"og:image:type\" content=\"image\/webp\" \/>\n<meta name=\"twitter:card\" content=\"summary_large_image\" \/>\n<meta name=\"twitter:label1\" content=\"Temps estimat de lectura\" \/>\n\t<meta name=\"twitter:data1\" content=\"4 minuts\" \/>\n<script type=\"application\/ld+json\" class=\"yoast-schema-graph\">{\"@context\":\"https:\\\/\\\/schema.org\",\"@graph\":[{\"@type\":\"WebPage\",\"@id\":\"https:\\\/\\\/aiguajoc.com\\\/ca\\\/politica-de-cookies\\\/\",\"url\":\"https:\\\/\\\/aiguajoc.com\\\/ca\\\/politica-de-cookies\\\/\",\"name\":\"Pol\u00edtica de cookies | Aiguajoc - Gimn\u00e0s a Barcelona\",\"isPartOf\":{\"@id\":\"https:\\\/\\\/aiguajoc.com\\\/ca\\\/#website\"},\"primaryImageOfPage\":{\"@id\":\"https:\\\/\\\/aiguajoc.com\\\/ca\\\/politica-de-cookies\\\/#primaryimage\"},\"image\":{\"@id\":\"https:\\\/\\\/aiguajoc.com\\\/ca\\\/politica-de-cookies\\\/#primaryimage\"},\"thumbnailUrl\":\"https:\\\/\\\/aiguajoc.com\\\/wp-content\\\/uploads\\\/Cabecera-cookies.webp\",\"datePublished\":\"2024-01-17T09:23:26+00:00\",\"dateModified\":\"2024-03-18T15:42:47+00:00\",\"description\":\"Av\u00eds legal, pol\u00edtica de privacitat i informaci\u00f3 de les cookies de Aiguajoc un gimn\u00e0s amb piscina a Barcelona.\",\"breadcrumb\":{\"@id\":\"https:\\\/\\\/aiguajoc.com\\\/ca\\\/politica-de-cookies\\\/#breadcrumb\"},\"inLanguage\":\"ca\",\"potentialAction\":[{\"@type\":\"ReadAction\",\"target\":[\"https:\\\/\\\/aiguajoc.com\\\/ca\\\/politica-de-cookies\\\/\"]}]},{\"@type\":\"ImageObject\",\"inLanguage\":\"ca\",\"@id\":\"https:\\\/\\\/aiguajoc.com\\\/ca\\\/politica-de-cookies\\\/#primaryimage\",\"url\":\"https:\\\/\\\/aiguajoc.com\\\/wp-content\\\/uploads\\\/Cabecera-cookies.webp\",\"contentUrl\":\"https:\\\/\\\/aiguajoc.com\\\/wp-content\\\/uploads\\\/Cabecera-cookies.webp\",\"width\":1920,\"height\":450,\"caption\":\"Pol\u00edtica de cookies\"},{\"@type\":\"BreadcrumbList\",\"@id\":\"https:\\\/\\\/aiguajoc.com\\\/ca\\\/politica-de-cookies\\\/#breadcrumb\",\"itemListElement\":[{\"@type\":\"ListItem\",\"position\":1,\"name\":\"Inicio\",\"item\":\"https:\\\/\\\/aiguajoc.com\\\/ca\\\/\"},{\"@type\":\"ListItem\",\"position\":2,\"name\":\"Pol\u00edtica de cookies\"}]},{\"@type\":\"WebSite\",\"@id\":\"https:\\\/\\\/aiguajoc.com\\\/ca\\\/#website\",\"url\":\"https:\\\/\\\/aiguajoc.com\\\/ca\\\/\",\"name\":\"Aiguajoc\",\"description\":\"Aiguajoc - Gimnasio con piscina en Barcelona\",\"publisher\":{\"@id\":\"https:\\\/\\\/aiguajoc.com\\\/ca\\\/#organization\"},\"potentialAction\":[{\"@type\":\"SearchAction\",\"target\":{\"@type\":\"EntryPoint\",\"urlTemplate\":\"https:\\\/\\\/aiguajoc.com\\\/ca\\\/?s={search_term_string}\"},\"query-input\":{\"@type\":\"PropertyValueSpecification\",\"valueRequired\":true,\"valueName\":\"search_term_string\"}}],\"inLanguage\":\"ca\"},{\"@type\":\"Organization\",\"@id\":\"https:\\\/\\\/aiguajoc.com\\\/ca\\\/#organization\",\"name\":\"Aiguajoc\",\"url\":\"https:\\\/\\\/aiguajoc.com\\\/ca\\\/\",\"logo\":{\"@type\":\"ImageObject\",\"inLanguage\":\"ca\",\"@id\":\"https:\\\/\\\/aiguajoc.com\\\/ca\\\/#\\\/schema\\\/logo\\\/image\\\/\",\"url\":\"https:\\\/\\\/aiguajoc.com\\\/wp-content\\\/uploads\\\/Logotipo-Aiguajoc-650.png\",\"contentUrl\":\"https:\\\/\\\/aiguajoc.com\\\/wp-content\\\/uploads\\\/Logotipo-Aiguajoc-650.png\",\"width\":650,\"height\":163,\"caption\":\"Aiguajoc\"},\"image\":{\"@id\":\"https:\\\/\\\/aiguajoc.com\\\/ca\\\/#\\\/schema\\\/logo\\\/image\\\/\"},\"sameAs\":[\"https:\\\/\\\/es-es.facebook.com\\\/aiguajoc.centrefitness\",\"https:\\\/\\\/www.instagram.com\\\/aiguajoc\\\/\"]}]}<\/script>\n<!-- \/ Yoast SEO plugin. -->","yoast_head_json":{"title":"Pol\u00edtica de cookies | Aiguajoc - Gimn\u00e0s a Barcelona","description":"Av\u00eds legal, pol\u00edtica de privacitat i informaci\u00f3 de les cookies de Aiguajoc un gimn\u00e0s amb piscina a Barcelona.","robots":{"index":"index","follow":"follow","max-snippet":"max-snippet:-1","max-image-preview":"max-image-preview:large","max-video-preview":"max-video-preview:-1"},"canonical":"https:\/\/aiguajoc.com\/ca\/politica-de-cookies\/","og_locale":"ca_ES","og_type":"article","og_title":"Pol\u00edtica de cookies | Aiguajoc - Gimn\u00e0s a Barcelona","og_description":"Av\u00eds legal, pol\u00edtica de privacitat i informaci\u00f3 de les cookies de Aiguajoc un gimn\u00e0s amb piscina a Barcelona.","og_url":"https:\/\/aiguajoc.com\/ca\/politica-de-cookies\/","og_site_name":"Aiguajoc","article_publisher":"https:\/\/es-es.facebook.com\/aiguajoc.centrefitness","article_modified_time":"2024-03-18T15:42:47+00:00","og_image":[{"width":1920,"height":450,"url":"https:\/\/aiguajoc.com\/wp-content\/uploads\/Cabecera-cookies.webp","type":"image\/webp"}],"twitter_card":"summary_large_image","twitter_misc":{"Temps estimat de lectura":"4 minuts"},"schema":{"@context":"https:\/\/schema.org","@graph":[{"@type":"WebPage","@id":"https:\/\/aiguajoc.com\/ca\/politica-de-cookies\/","url":"https:\/\/aiguajoc.com\/ca\/politica-de-cookies\/","name":"Pol\u00edtica de cookies | Aiguajoc - Gimn\u00e0s a Barcelona","isPartOf":{"@id":"https:\/\/aiguajoc.com\/ca\/#website"},"primaryImageOfPage":{"@id":"https:\/\/aiguajoc.com\/ca\/politica-de-cookies\/#primaryimage"},"image":{"@id":"https:\/\/aiguajoc.com\/ca\/politica-de-cookies\/#primaryimage"},"thumbnailUrl":"https:\/\/aiguajoc.com\/wp-content\/uploads\/Cabecera-cookies.webp","datePublished":"2024-01-17T09:23:26+00:00","dateModified":"2024-03-18T15:42:47+00:00","description":"Av\u00eds legal, pol\u00edtica de privacitat i informaci\u00f3 de les cookies de Aiguajoc un gimn\u00e0s amb piscina a Barcelona.","breadcrumb":{"@id":"https:\/\/aiguajoc.com\/ca\/politica-de-cookies\/#breadcrumb"},"inLanguage":"ca","potentialAction":[{"@type":"ReadAction","target":["https:\/\/aiguajoc.com\/ca\/politica-de-cookies\/"]}]},{"@type":"ImageObject","inLanguage":"ca","@id":"https:\/\/aiguajoc.com\/ca\/politica-de-cookies\/#primaryimage","url":"https:\/\/aiguajoc.com\/wp-content\/uploads\/Cabecera-cookies.webp","contentUrl":"https:\/\/aiguajoc.com\/wp-content\/uploads\/Cabecera-cookies.webp","width":1920,"height":450,"caption":"Pol\u00edtica de cookies"},{"@type":"BreadcrumbList","@id":"https:\/\/aiguajoc.com\/ca\/politica-de-cookies\/#breadcrumb","itemListElement":[{"@type":"ListItem","position":1,"name":"Inicio","item":"https:\/\/aiguajoc.com\/ca\/"},{"@type":"ListItem","position":2,"name":"Pol\u00edtica de cookies"}]},{"@type":"WebSite","@id":"https:\/\/aiguajoc.com\/ca\/#website","url":"https:\/\/aiguajoc.com\/ca\/","name":"Aiguajoc","description":"Aiguajoc - Gimnasio con piscina en Barcelona","publisher":{"@id":"https:\/\/aiguajoc.com\/ca\/#organization"},"potentialAction":[{"@type":"SearchAction","target":{"@type":"EntryPoint","urlTemplate":"https:\/\/aiguajoc.com\/ca\/?s={search_term_string}"},"query-input":{"@type":"PropertyValueSpecification","valueRequired":true,"valueName":"search_term_string"}}],"inLanguage":"ca"},{"@type":"Organization","@id":"https:\/\/aiguajoc.com\/ca\/#organization","name":"Aiguajoc","url":"https:\/\/aiguajoc.com\/ca\/","logo":{"@type":"ImageObject","inLanguage":"ca","@id":"https:\/\/aiguajoc.com\/ca\/#\/schema\/logo\/image\/","url":"https:\/\/aiguajoc.com\/wp-content\/uploads\/Logotipo-Aiguajoc-650.png","contentUrl":"https:\/\/aiguajoc.com\/wp-content\/uploads\/Logotipo-Aiguajoc-650.png","width":650,"height":163,"caption":"Aiguajoc"},"image":{"@id":"https:\/\/aiguajoc.com\/ca\/#\/schema\/logo\/image\/"},"sameAs":["https:\/\/es-es.facebook.com\/aiguajoc.centrefitness","https:\/\/www.instagram.com\/aiguajoc\/"]}]}},"_links":{"self":[{"href":"https:\/\/aiguajoc.com\/ca\/wp-json\/wp\/v2\/pages\/4710","targetHints":{"allow":["GET"]}}],"collection":[{"href":"https:\/\/aiguajoc.com\/ca\/wp-json\/wp\/v2\/pages"}],"about":[{"href":"https:\/\/aiguajoc.com\/ca\/wp-json\/wp\/v2\/types\/page"}],"author":[{"embeddable":true,"href":"https:\/\/aiguajoc.com\/ca\/wp-json\/wp\/v2\/users\/1"}],"replies":[{"embeddable":true,"href":"https:\/\/aiguajoc.com\/ca\/wp-json\/wp\/v2\/comments?post=4710"}],"version-history":[{"count":0,"href":"https:\/\/aiguajoc.com\/ca\/wp-json\/wp\/v2\/pages\/4710\/revisions"}],"wp:featuredmedia":[{"embeddable":true,"href":"https:\/\/aiguajoc.com\/ca\/wp-json\/wp\/v2\/media\/3847"}],"wp:attachment":[{"href":"https:\/\/aiguajoc.com\/ca\/wp-json\/wp\/v2\/media?parent=4710"}],"curies":[{"name":"wp","href":"https:\/\/api.w.org\/{rel}","templated":true}]}}