{"id":4720,"date":"2024-01-17T10:32:59","date_gmt":"2024-01-17T09:32:59","guid":{"rendered":"https:\/\/aiguajoc.com\/politica-de-venta-online\/"},"modified":"2024-03-18T17:00:41","modified_gmt":"2024-03-18T16:00:41","slug":"politica-de-venda-online","status":"publish","type":"page","link":"https:\/\/aiguajoc.com\/ca\/politica-de-venda-online\/","title":{"rendered":"Pol\u00edtica de venda online"},"content":{"rendered":"<div id=\"mapa\" class=\"fusion-container-anchor\"><div class=\"fusion-fullwidth fullwidth-box fusion-builder-row-1 fusion-flex-container has-pattern-background has-mask-background nonhundred-percent-fullwidth non-hundred-percent-height-scrolling\" style=\"--link_hover_color: var(--awb-color2);--link_color: var(--awb-color7);--awb-border-radius-top-left:0px;--awb-border-radius-top-right:0px;--awb-border-radius-bottom-right:0px;--awb-border-radius-bottom-left:0px;--awb-padding-top:5%;--awb-padding-bottom:5%;--awb-flex-wrap:wrap;\" ><div class=\"awb-background-pattern\" style=\"background-image:  url(data:image\/svg+xml;utf8,%3Csvg%20width%3D%2260%22%20height%3D%2260%22%20fill%3D%22none%22%20xmlns%3D%22http%3A%2F%2Fwww.w3.org%2F2000%2Fsvg%22%3E%3Cpath%20d%3D%22M6%204a2%202%200%2011-4%200%202%202%200%20014%200%22%20fill%3D%22rgba%280%2C0%2C0%2C0.2%29%22%2F%3E%3C%2Fsvg%3E);opacity: 1 ;background-size:10px;mix-blend-mode:normal;\"><\/div><div class=\"fusion-builder-row fusion-row fusion-flex-align-items-flex-start fusion-flex-justify-content-center fusion-flex-content-wrap\" style=\"max-width:calc( 1450px + 50px );margin-left: calc(-50px \/ 2 );margin-right: calc(-50px \/ 2 );\"><div class=\"fusion-layout-column fusion_builder_column fusion-builder-column-0 fusion_builder_column_4_5 4_5 fusion-flex-column\" style=\"--awb-bg-size:cover;--awb-width-large:80%;--awb-margin-top-large:0px;--awb-spacing-right-large:25px;--awb-margin-bottom-large:20px;--awb-spacing-left-large:25px;--awb-width-medium:80%;--awb-order-medium:0;--awb-spacing-right-medium:25px;--awb-spacing-left-medium:25px;--awb-width-small:100%;--awb-order-small:0;--awb-spacing-right-small:25px;--awb-spacing-left-small:25px;\" data-scroll-devices=\"small-visibility,medium-visibility,large-visibility\"><div class=\"fusion-column-wrapper fusion-column-has-shadow fusion-flex-justify-content-center fusion-content-layout-column\"><div class=\"fusion-text fusion-text-1\" style=\"--awb-font-size:var(--awb-typography4-font-size);--awb-line-height:var(--awb-typography4-line-height);--awb-letter-spacing:var(--awb-typography4-letter-spacing);--awb-text-transform:var(--awb-typography4-text-transform);--awb-text-font-family:var(--awb-typography4-font-family);--awb-text-font-weight:var(--awb-typography4-font-weight);--awb-text-font-style:var(--awb-typography4-font-style);\"><p>En compliment del deure d\u2019informaci\u00f3 establert en l\u2019article 10 de la Llei 34\/2002, d\u2019 11 de juliol, de serveis de la societat de la informaci\u00f3 i del comer\u00e7 electr\u00f2nic, l\u2019informem que el lloc web\u00a0<strong>aiguajoc.com<\/strong>\u00a0(en endavant, el \u201clloc web\u201d) \u00e9s propietat d\u2019 Aiguajoc Borrell SL, amb domicili social al C\/Comte Borrell 21-33, Barcelona, amb NIF B59781633<\/p>\n<p><strong>CONDICIONS D\u2019\u00daS<\/strong><\/p>\n<p>Aquestes condicions descriuen els termes aplicables als serveis i continguts oferts a trav\u00e9s del lloc web\u00a0<a href=\"https:\/\/aiguajoc.com\/\">aiguajoc.com<\/a>\u00a0i regulen les relacions jur\u00eddiques entre Aiguajoc Borrell SL i el client.<\/p>\n<p>L\u2019acc\u00e9s al lloc web \u00e9s de car\u00e0cter lliure \u00a0i gratu\u00eft, l\u2019\u00fas del lloc web implica l\u2019acceptaci\u00f3 sense reserves de totes les condicions d\u2019\u00fas.\u00a0Si no acceptes aquests termes, hauries\u00a0 d\u2019abstenir-te d\u2019utilitzar aquesta p\u00e0gina.<\/p>\n<p>La visita al lloc de comer\u00e7 electr\u00f2nic per part de l\u2019usuari s\u2019ha de fer de manera responsable i d\u2019acord amb la legalitat vigent, la bona fe, les condicions i el respecte dels drets de propietat intel\u00b7lectual i industrial titularitat d\u2019 Aiguajoc Borrell SL o de qualsevol altra persona f\u00edsica o jur\u00eddica.<\/p>\n<p>Queda totalment prohibida la utilitzaci\u00f3 de qualsevol dels continguts del lloc web amb finalitats o efectes il\u00b7l\u00edcits, aix\u00ed com la realitzaci\u00f3 de qualsevol actuaci\u00f3 que causi o pugui ocasionar danys o alteracions de qualsevol tipus no consentides per Aiguajoc Borrell SL, al lloc eCommerce o als seus continguts.<\/p>\n<p>El lloc web i els productes i serveis oferts per Aiguajoc Borrell SL s\u2019adrecen a persones adultes amb capacitat jur\u00eddica suficient per a quedar vinculat per aquestes Condicions d\u2019\u00fas. La utilitzaci\u00f3 de determinats serveis o la contractaci\u00f3 de determinats b\u00e9ns o serveis pot estar subjecta a condicions particulars addicionals que requeriran el consentiment expr\u00e9s i en tot cas prevaldr\u00e0 sobre aquestes condicions generals.<\/p>\n<p><strong>REGISTRE D\u2019USUARI<\/strong><\/p>\n<h3><strong>Dades de menors d\u2019edat o persones incapacitades legalment<\/strong><\/h3>\n<p>El registre en l\u00ednia est\u00e0 prohibit per a menors de catorze anys (14) d\u2019edat. Per la seva banda, si l\u2019usuari est\u00e0 incapacitat legalment, Aiguajoc adverteix que les prestacions convalidades pel titular de la p\u00e0tria potestat o tutela de l\u2019usuari o del seu representant legal per a la desc\u00e0rrega seran necess\u00e0ries i que Aiguajoc quedar\u00e0 expressament exonerat de qualsevol responsabilitat que pogu\u00e9s derivar-se de la inscripci\u00f3 en l\u00ednia per menors o incapa\u00e7os legalment, sent aquesta responsabilitat dels seus representants legals en cada cas.<\/p>\n<p>La utilitzaci\u00f3 dels serveis prestats per Aiguajoc BORRELL SL i la compra a la web requereix el registre com a usuari a la web.\u00a0Per tal de completar el registre, s\u2019ha de proporcionar una s\u00e8rie de dades personals que han de ser vertaderes i exactes.\u00a0Podeu consultar la nostra pol\u00edtica de privacitat en el seg\u00fcent enlla\u00e7:\u00a0<a href=\"\/ca\/politica-de-privacitat\/\"><strong>https:\/\/aiguajoc.com\/ca\/politica-de-privacitat\/<\/strong><\/a><\/p>\n<p>Aix\u00ed mateix, haur\u00e0 de tenir en compte que en qualsevol moment podr\u00e0 modificar les seves dades personals, aix\u00ed com exercitar els drets d\u2019acc\u00e9s, rectificaci\u00f3, supressi\u00f3, limitaci\u00f3 i oposici\u00f3 de conformitat amb LO 3\/2018, de 5 de desembre, de protecci\u00f3 de dades i de la garantia dels drets digitals (LOPDGDD) i del Reglament (UE) 2016\/679 del Parlament Europeu i del Consell de 27 d\u2019abril de 2016 sobre la protecci\u00f3 de les persones f\u00edsiques pel que fa al tractament de dades personals i a la lliure circulaci\u00f3 d\u2019aquestes dades (RGPD).<\/p>\n<h3><strong>Pagament<\/strong><\/h3>\n<p>La compra de serveis o productes a trav\u00e9s de\u00a0<strong>la p\u00e0gina web<\/strong>\u00a0ser\u00e0 realitzada per Visa i Mastercard a trav\u00e9s de TPV virtual.<\/p>\n<h3><strong>Preus<\/strong><\/h3>\n<p>Els preus dels productes s\u00f3n els indicats en la descripci\u00f3 que se li atribueix.\u00a0Tots els preus indicats a la descripci\u00f3 del producte s\u2019expressen en la divisa de l\u2019euro i inclouen l\u2019impost sobre el valor afegit (I.V.A.).<\/p>\n<h3><strong>Garantia de b\u00e9ns de consum<\/strong><\/h3>\n<p>Com a client, tens la consideraci\u00f3 de consumidor d\u2019acord amb el Reial decret legislatiu 1\/2007, de 16 de novembre, pel qual s\u2019aprova el text ref\u00f3s de la Llei general per a la defensa dels consumidors i usuaris i altres lleis complement\u00e0ries (d\u2019ara endavant, \u201cTRLGDCU\u201d).<\/p>\n<p>Les tarifes es carregaran en els 5 primers dies de cada mes mitjan\u00e7ant rebut bancari.\u00a0En cas de parada t\u00e8cnica d\u2019un espai o servei per manteniment i\/o adequaci\u00f3, l\u2019usuari no tindr\u00e0 dret a cap compensaci\u00f3 econ\u00f2mica.<\/p>\n<p>El preu de les quotes es revisar\u00e0 un cop l\u2019any.<\/p>\n<p>La devoluci\u00f3 de 2 c\u00e0rrecs directes consecutius comportar\u00e0 la p\u00e8rdua de l\u2019estat del client, per recuperar-la, caldr\u00e0 abonar les quantitats pendents, els costos de devoluci\u00f3 i els drets d\u2019inscripci\u00f3 vigents.<\/p>\n<p>Si desitges donar-te de baixa com a client o modificar les teves dades banc\u00e0ries, \u00e9s necessari presentar-les abans del dia 25 del mes anterior.\u00a0No es realitzar\u00e0 cap reemborsament si l\u2019alta es comunica m\u00e9s endavant.\u00a0La notificaci\u00f3 haur\u00e0 de ser efectuada personalment pel client a la recepci\u00f3 del centre, de manera que la sol\u00b7licitud estigui registrada amb la signatura del sol\u00b7licitant, a qui s\u2019enviar\u00e0 la confirmaci\u00f3 de la baixa.\u00a0Cap d\u2019aquestes gestions s\u2019acceptaran per qualsevol altre canal.<\/p>\n<p>El canvi de quota per modificaci\u00f3 de la secci\u00f3 d\u2019edat es realitzar\u00e0 de forma autom\u00e0tica, pr\u00e8via notificaci\u00f3 a l\u2019interessat.<\/p>\n<p>En cas que hi hagi alguna quantitat impagada de servei i\/o quotes contractades abans d\u2019aquesta alta online, s\u2019haur\u00e0 de fer efectiva a la recepci\u00f3 d\u2019Aiguajoc en el moment de validar la contractaci\u00f3 de l\u2019alta.<\/p>\n<h3><strong>Dret de desistiment<\/strong><\/h3>\n<p>Si el client desitja desistir del contracte de prestaci\u00f3 de serveis, ho pot fer durant el termini de 14 dies de desistiment, \u00e9s a dir, si el client accedeix a les instal\u00b7lacions de Aiguajoc utilitzant la seva condici\u00f3 de client abonat o beneficiant-se d\u2019algun altre servei relacionat amb aquesta condici\u00f3, el client haur\u00e0 d\u2019abonar a Aiguajoc la part proporcional del servei efectivament prestat.<\/p>\n<p>El client que vulgui exercir el seu dret a desistir del contracte,\u00a0 d\u2019acord amb el que s\u2019acaba d\u2019esmentar, ho notificar\u00e0\u00a0 de forma presencial al personal d\u2019atenci\u00f3 al client\u00a0 de la recepci\u00f3 d\u2019Aiguajoc, aportant el document identificatiu que l\u2019acrediti i emplenant el formulari de sol\u00b7licitud de baixa.<\/p>\n<p>La retirada del contracte en compliment del que es disposa en aquestes condicions no comporta cap penalitzaci\u00f3 a c\u00e0rrec del client, encara que el client haur\u00e0 de suportar el cost de les despeses ocasionades pel seu compte.<\/p>\n<h3><strong>Protecci\u00f3 de dades personals<\/strong><\/h3>\n<p>D\u00a0\u2018acord amb la normativa de protecci\u00f3 de dades de car\u00e0cter personal, s\u2019indica que les dades personals recollides a trav\u00e9s del formulari de comanda s\u2019utilitzaran exclusivament per a la gesti\u00f3 del contracte.\u00a0Podeu\u00a0consultar a la nostra pol\u00edtica de privacitat en el seg\u00fcent enlla\u00e7:\u00a0<a href=\"https:\/\/aiguajoc.com\/politica-de-privacidad\/\"><strong>https:\/\/aiguajoc.com\/Politica-de-privacidad\/<\/strong><\/a><\/p>\n<p>Les dades banc\u00e0ries del proc\u00e9s s\u2019emmagatzemen en una base de dades dissenyada a l\u2019efecte i no es conservaran, nom\u00e9s mentre es faci la compra, es realitza el pagament i fins que no hagi transcorregut el termini de desistiment.<\/p>\n<p>En cas que es tingui problemes amb els productes o serveis adquirits en aquest lloc web es pot presentar una reclamaci\u00f3 a trav\u00e9s de la plataforma de resoluci\u00f3 de conflictes de la Uni\u00f3 Europea\u00a0<a href=\"https:\/\/ec.europa.eu\/consumers\/odr\/main\/index.cfm?event=main.home.chooseLanguage\">aqu\u00ed.\u00a0<\/a>Aiguajoc Borrell SL es reserva la facultat de negar-se a acceptar la reclamaci\u00f3 presentada a trav\u00e9s de la plataforma.<\/p>\n<h3><strong>Nul\u00b7litat i inefic\u00e0cia de les cl\u00e0usules<\/strong><\/h3>\n<p>Si qualsevol cl\u00e0usula inclosa en aquestes condicions es declari total o parcialment nul\u00b7la o inefica\u00e7, aquesta nul\u00b7litat o inefic\u00e0cia nom\u00e9s afectar\u00e0 aquesta disposici\u00f3, subsistint aquestes condicions generals en tota la resta, havent aquesta disposici\u00f3 no inclosa.<\/p>\n<h3><strong>Llei aplicable i jurisdicci\u00f3 competent<\/strong><\/h3>\n<p>Aquestes condicions es regeixen per la legislaci\u00f3 espanyola.\u00a0Aiguajoc Borrell SL i l\u2019usuari acorden sotmetre qualsevol controv\u00e8rsia que pogu\u00e9s sorgir en relaci\u00f3 amb la contractaci\u00f3 de productes o serveis sotmesos a aquestes condicions generals, als Jutjats i Tribunals del domicili de Barcelona.<\/p>\n<\/div><\/div><\/div><\/div><\/div><\/div>\n","protected":false},"excerpt":{"rendered":"","protected":false},"author":1,"featured_media":3845,"parent":0,"menu_order":0,"comment_status":"closed","ping_status":"closed","template":"100-width.php","meta":{"_acf_changed":false,"footnotes":""},"class_list":["post-4720","page","type-page","status-publish","has-post-thumbnail","hentry"],"acf":[],"yoast_head":"<!-- This site is optimized with the Yoast SEO plugin v27.3 - https:\/\/yoast.com\/product\/yoast-seo-wordpress\/ -->\n<title>Pol\u00edtica de venda online | Aiguajoc - Gimn\u00e0s a Barcelona<\/title>\n<meta name=\"description\" content=\"Av\u00eds legal, pol\u00edtica de privacitat, pol\u00edtica de venda online i informaci\u00f3 de les cookies de Aiguajoc un gimn\u00e0s amb piscina a Barcelona.\" \/>\n<meta name=\"robots\" content=\"index, follow, max-snippet:-1, max-image-preview:large, max-video-preview:-1\" \/>\n<link rel=\"canonical\" href=\"https:\/\/aiguajoc.com\/ca\/politica-de-venda-online\/\" \/>\n<meta property=\"og:locale\" content=\"ca_ES\" \/>\n<meta property=\"og:type\" content=\"article\" \/>\n<meta property=\"og:title\" content=\"Pol\u00edtica de venda online | Aiguajoc - Gimn\u00e0s a Barcelona\" \/>\n<meta property=\"og:description\" content=\"Av\u00eds legal, pol\u00edtica de privacitat, pol\u00edtica de venda online i informaci\u00f3 de les cookies de Aiguajoc un gimn\u00e0s amb piscina a Barcelona.\" \/>\n<meta property=\"og:url\" content=\"https:\/\/aiguajoc.com\/ca\/politica-de-venda-online\/\" \/>\n<meta property=\"og:site_name\" content=\"Aiguajoc\" \/>\n<meta property=\"article:publisher\" content=\"https:\/\/es-es.facebook.com\/aiguajoc.centrefitness\" \/>\n<meta property=\"article:modified_time\" content=\"2024-03-18T16:00:41+00:00\" \/>\n<meta property=\"og:image\" content=\"https:\/\/aiguajoc.com\/wp-content\/uploads\/Cabeceras-legal.webp\" \/>\n\t<meta property=\"og:image:width\" content=\"1920\" \/>\n\t<meta property=\"og:image:height\" content=\"450\" \/>\n\t<meta property=\"og:image:type\" content=\"image\/webp\" \/>\n<meta name=\"twitter:card\" content=\"summary_large_image\" \/>\n<meta name=\"twitter:label1\" content=\"Temps estimat de lectura\" \/>\n\t<meta name=\"twitter:data1\" content=\"6 minuts\" \/>\n<script type=\"application\/ld+json\" class=\"yoast-schema-graph\">{\"@context\":\"https:\\\/\\\/schema.org\",\"@graph\":[{\"@type\":\"WebPage\",\"@id\":\"https:\\\/\\\/aiguajoc.com\\\/ca\\\/politica-de-venda-online\\\/\",\"url\":\"https:\\\/\\\/aiguajoc.com\\\/ca\\\/politica-de-venda-online\\\/\",\"name\":\"Pol\u00edtica de venda online | Aiguajoc - Gimn\u00e0s a Barcelona\",\"isPartOf\":{\"@id\":\"https:\\\/\\\/aiguajoc.com\\\/ca\\\/#website\"},\"primaryImageOfPage\":{\"@id\":\"https:\\\/\\\/aiguajoc.com\\\/ca\\\/politica-de-venda-online\\\/#primaryimage\"},\"image\":{\"@id\":\"https:\\\/\\\/aiguajoc.com\\\/ca\\\/politica-de-venda-online\\\/#primaryimage\"},\"thumbnailUrl\":\"https:\\\/\\\/aiguajoc.com\\\/wp-content\\\/uploads\\\/Cabeceras-legal.webp\",\"datePublished\":\"2024-01-17T09:32:59+00:00\",\"dateModified\":\"2024-03-18T16:00:41+00:00\",\"description\":\"Av\u00eds legal, pol\u00edtica de privacitat, pol\u00edtica de venda online i informaci\u00f3 de les cookies de Aiguajoc un gimn\u00e0s amb piscina a Barcelona.\",\"breadcrumb\":{\"@id\":\"https:\\\/\\\/aiguajoc.com\\\/ca\\\/politica-de-venda-online\\\/#breadcrumb\"},\"inLanguage\":\"ca\",\"potentialAction\":[{\"@type\":\"ReadAction\",\"target\":[\"https:\\\/\\\/aiguajoc.com\\\/ca\\\/politica-de-venda-online\\\/\"]}]},{\"@type\":\"ImageObject\",\"inLanguage\":\"ca\",\"@id\":\"https:\\\/\\\/aiguajoc.com\\\/ca\\\/politica-de-venda-online\\\/#primaryimage\",\"url\":\"https:\\\/\\\/aiguajoc.com\\\/wp-content\\\/uploads\\\/Cabeceras-legal.webp\",\"contentUrl\":\"https:\\\/\\\/aiguajoc.com\\\/wp-content\\\/uploads\\\/Cabeceras-legal.webp\",\"width\":1920,\"height\":450,\"caption\":\"Aviso legal AIGUAJOC\"},{\"@type\":\"BreadcrumbList\",\"@id\":\"https:\\\/\\\/aiguajoc.com\\\/ca\\\/politica-de-venda-online\\\/#breadcrumb\",\"itemListElement\":[{\"@type\":\"ListItem\",\"position\":1,\"name\":\"Inicio\",\"item\":\"https:\\\/\\\/aiguajoc.com\\\/ca\\\/\"},{\"@type\":\"ListItem\",\"position\":2,\"name\":\"Pol\u00edtica de venda online\"}]},{\"@type\":\"WebSite\",\"@id\":\"https:\\\/\\\/aiguajoc.com\\\/ca\\\/#website\",\"url\":\"https:\\\/\\\/aiguajoc.com\\\/ca\\\/\",\"name\":\"Aiguajoc\",\"description\":\"Aiguajoc - Gimnasio con piscina en Barcelona\",\"publisher\":{\"@id\":\"https:\\\/\\\/aiguajoc.com\\\/ca\\\/#organization\"},\"potentialAction\":[{\"@type\":\"SearchAction\",\"target\":{\"@type\":\"EntryPoint\",\"urlTemplate\":\"https:\\\/\\\/aiguajoc.com\\\/ca\\\/?s={search_term_string}\"},\"query-input\":{\"@type\":\"PropertyValueSpecification\",\"valueRequired\":true,\"valueName\":\"search_term_string\"}}],\"inLanguage\":\"ca\"},{\"@type\":\"Organization\",\"@id\":\"https:\\\/\\\/aiguajoc.com\\\/ca\\\/#organization\",\"name\":\"Aiguajoc\",\"url\":\"https:\\\/\\\/aiguajoc.com\\\/ca\\\/\",\"logo\":{\"@type\":\"ImageObject\",\"inLanguage\":\"ca\",\"@id\":\"https:\\\/\\\/aiguajoc.com\\\/ca\\\/#\\\/schema\\\/logo\\\/image\\\/\",\"url\":\"https:\\\/\\\/aiguajoc.com\\\/wp-content\\\/uploads\\\/Logotipo-Aiguajoc-650.png\",\"contentUrl\":\"https:\\\/\\\/aiguajoc.com\\\/wp-content\\\/uploads\\\/Logotipo-Aiguajoc-650.png\",\"width\":650,\"height\":163,\"caption\":\"Aiguajoc\"},\"image\":{\"@id\":\"https:\\\/\\\/aiguajoc.com\\\/ca\\\/#\\\/schema\\\/logo\\\/image\\\/\"},\"sameAs\":[\"https:\\\/\\\/es-es.facebook.com\\\/aiguajoc.centrefitness\",\"https:\\\/\\\/www.instagram.com\\\/aiguajoc\\\/\"]}]}<\/script>\n<!-- \/ Yoast SEO plugin. -->","yoast_head_json":{"title":"Pol\u00edtica de venda online | Aiguajoc - Gimn\u00e0s a Barcelona","description":"Av\u00eds legal, pol\u00edtica de privacitat, pol\u00edtica de venda online i informaci\u00f3 de les cookies de Aiguajoc un gimn\u00e0s amb piscina a Barcelona.","robots":{"index":"index","follow":"follow","max-snippet":"max-snippet:-1","max-image-preview":"max-image-preview:large","max-video-preview":"max-video-preview:-1"},"canonical":"https:\/\/aiguajoc.com\/ca\/politica-de-venda-online\/","og_locale":"ca_ES","og_type":"article","og_title":"Pol\u00edtica de venda online | Aiguajoc - Gimn\u00e0s a Barcelona","og_description":"Av\u00eds legal, pol\u00edtica de privacitat, pol\u00edtica de venda online i informaci\u00f3 de les cookies de Aiguajoc un gimn\u00e0s amb piscina a Barcelona.","og_url":"https:\/\/aiguajoc.com\/ca\/politica-de-venda-online\/","og_site_name":"Aiguajoc","article_publisher":"https:\/\/es-es.facebook.com\/aiguajoc.centrefitness","article_modified_time":"2024-03-18T16:00:41+00:00","og_image":[{"width":1920,"height":450,"url":"https:\/\/aiguajoc.com\/wp-content\/uploads\/Cabeceras-legal.webp","type":"image\/webp"}],"twitter_card":"summary_large_image","twitter_misc":{"Temps estimat de lectura":"6 minuts"},"schema":{"@context":"https:\/\/schema.org","@graph":[{"@type":"WebPage","@id":"https:\/\/aiguajoc.com\/ca\/politica-de-venda-online\/","url":"https:\/\/aiguajoc.com\/ca\/politica-de-venda-online\/","name":"Pol\u00edtica de venda online | Aiguajoc - Gimn\u00e0s a Barcelona","isPartOf":{"@id":"https:\/\/aiguajoc.com\/ca\/#website"},"primaryImageOfPage":{"@id":"https:\/\/aiguajoc.com\/ca\/politica-de-venda-online\/#primaryimage"},"image":{"@id":"https:\/\/aiguajoc.com\/ca\/politica-de-venda-online\/#primaryimage"},"thumbnailUrl":"https:\/\/aiguajoc.com\/wp-content\/uploads\/Cabeceras-legal.webp","datePublished":"2024-01-17T09:32:59+00:00","dateModified":"2024-03-18T16:00:41+00:00","description":"Av\u00eds legal, pol\u00edtica de privacitat, pol\u00edtica de venda online i informaci\u00f3 de les cookies de Aiguajoc un gimn\u00e0s amb piscina a Barcelona.","breadcrumb":{"@id":"https:\/\/aiguajoc.com\/ca\/politica-de-venda-online\/#breadcrumb"},"inLanguage":"ca","potentialAction":[{"@type":"ReadAction","target":["https:\/\/aiguajoc.com\/ca\/politica-de-venda-online\/"]}]},{"@type":"ImageObject","inLanguage":"ca","@id":"https:\/\/aiguajoc.com\/ca\/politica-de-venda-online\/#primaryimage","url":"https:\/\/aiguajoc.com\/wp-content\/uploads\/Cabeceras-legal.webp","contentUrl":"https:\/\/aiguajoc.com\/wp-content\/uploads\/Cabeceras-legal.webp","width":1920,"height":450,"caption":"Aviso legal AIGUAJOC"},{"@type":"BreadcrumbList","@id":"https:\/\/aiguajoc.com\/ca\/politica-de-venda-online\/#breadcrumb","itemListElement":[{"@type":"ListItem","position":1,"name":"Inicio","item":"https:\/\/aiguajoc.com\/ca\/"},{"@type":"ListItem","position":2,"name":"Pol\u00edtica de venda online"}]},{"@type":"WebSite","@id":"https:\/\/aiguajoc.com\/ca\/#website","url":"https:\/\/aiguajoc.com\/ca\/","name":"Aiguajoc","description":"Aiguajoc - Gimnasio con piscina en Barcelona","publisher":{"@id":"https:\/\/aiguajoc.com\/ca\/#organization"},"potentialAction":[{"@type":"SearchAction","target":{"@type":"EntryPoint","urlTemplate":"https:\/\/aiguajoc.com\/ca\/?s={search_term_string}"},"query-input":{"@type":"PropertyValueSpecification","valueRequired":true,"valueName":"search_term_string"}}],"inLanguage":"ca"},{"@type":"Organization","@id":"https:\/\/aiguajoc.com\/ca\/#organization","name":"Aiguajoc","url":"https:\/\/aiguajoc.com\/ca\/","logo":{"@type":"ImageObject","inLanguage":"ca","@id":"https:\/\/aiguajoc.com\/ca\/#\/schema\/logo\/image\/","url":"https:\/\/aiguajoc.com\/wp-content\/uploads\/Logotipo-Aiguajoc-650.png","contentUrl":"https:\/\/aiguajoc.com\/wp-content\/uploads\/Logotipo-Aiguajoc-650.png","width":650,"height":163,"caption":"Aiguajoc"},"image":{"@id":"https:\/\/aiguajoc.com\/ca\/#\/schema\/logo\/image\/"},"sameAs":["https:\/\/es-es.facebook.com\/aiguajoc.centrefitness","https:\/\/www.instagram.com\/aiguajoc\/"]}]}},"_links":{"self":[{"href":"https:\/\/aiguajoc.com\/ca\/wp-json\/wp\/v2\/pages\/4720","targetHints":{"allow":["GET"]}}],"collection":[{"href":"https:\/\/aiguajoc.com\/ca\/wp-json\/wp\/v2\/pages"}],"about":[{"href":"https:\/\/aiguajoc.com\/ca\/wp-json\/wp\/v2\/types\/page"}],"author":[{"embeddable":true,"href":"https:\/\/aiguajoc.com\/ca\/wp-json\/wp\/v2\/users\/1"}],"replies":[{"embeddable":true,"href":"https:\/\/aiguajoc.com\/ca\/wp-json\/wp\/v2\/comments?post=4720"}],"version-history":[{"count":0,"href":"https:\/\/aiguajoc.com\/ca\/wp-json\/wp\/v2\/pages\/4720\/revisions"}],"wp:featuredmedia":[{"embeddable":true,"href":"https:\/\/aiguajoc.com\/ca\/wp-json\/wp\/v2\/media\/3845"}],"wp:attachment":[{"href":"https:\/\/aiguajoc.com\/ca\/wp-json\/wp\/v2\/media?parent=4720"}],"curies":[{"name":"wp","href":"https:\/\/api.w.org\/{rel}","templated":true}]}}